{"id":230,"date":"2023-08-25T09:00:43","date_gmt":"2023-08-25T07:00:43","guid":{"rendered":"https:\/\/s-flexkeder.de\/?page_id=230"},"modified":"2023-09-06T14:09:36","modified_gmt":"2023-09-06T12:09:36","slug":"kontakt","status":"publish","type":"page","link":"https:\/\/s-flexkeder.de\/en_en\/kontakt\/","title":{"rendered":"Kontakt"},"content":{"rendered":"<p>[et_pb_section fb_built=&#8220;1&#8243; _builder_version=&#8220;4.22.0&#8243; _module_preset=&#8220;default&#8220; background_color=&#8220;#E5E3E3&#8243; global_colors_info=&#8220;{}&#8220;][et_pb_row column_structure=&#8220;1_2,1_2&#8243; _builder_version=&#8220;4.22.0&#8243; _module_preset=&#8220;default&#8220; global_colors_info=&#8220;{}&#8220;][et_pb_column type=&#8220;1_2&#8243; _builder_version=&#8220;4.22.0&#8243; _module_preset=&#8220;default&#8220; global_colors_info=&#8220;{}&#8220;][et_pb_text _builder_version=&#8220;4.22.0&#8243; _module_preset=&#8220;default&#8220; global_colors_info=&#8220;{}&#8220;]<\/p>\n<h1><span>Kontakt<\/span><\/h1>\n<p><span>Wir freuen uns darauf, von Ihnen zu h\u00f6ren! Haben Sie Fragen, Anregungen oder m\u00f6chten Sie einfach nur mit uns in Verbindung treten? Nutzen Sie gerne die untenstehenden Kontaktinformationen oder das Kontaktformular, um uns eine Nachricht zu hinterlassen. Wir sind bestrebt, Ihnen so schnell wie m\u00f6glich zu antworten.<\/span><\/p>\n<p>[\/et_pb_text][et_pb_text _builder_version=&#8220;4.22.0&#8243; _module_preset=&#8220;default&#8220; hover_enabled=&#8220;0&#8243; global_colors_info=&#8220;{}&#8220; sticky_enabled=&#8220;0&#8243;]<\/p>\n<p><span><strong>GFM Gesellschaft f\u00fcr Marktlogistik<\/strong><br \/>Postfach 1364,<br \/>75403 M\u00fchlacker<\/span><\/p>\n<div class=\"et_pb_module et_pb_text et_pb_text_3  et_pb_text_align_left et_pb_bg_layout_light\">\n<div class=\"et_pb_text_inner\">\n<h3><\/h3>\n<\/div>\n<\/div>\n<div class=\"et_pb_module et_pb_text et_pb_text_7  et_pb_text_align_left et_pb_bg_layout_light\">\n<div class=\"et_pb_text_inner\">\n<p><strong>Montag:<\/strong><span>\u00a0<\/span>08.30 \u2013 16:45 Uhr<br \/><strong>Dienstag:<\/strong><span>\u00a0<\/span>08.30 \u2013 16:45 Uhr<br \/><strong>Mittwoch:<\/strong><span>\u00a0<\/span>08.30 \u2013 16:45 Uhr<br \/><strong>Donnerstag:<\/strong><span>\u00a0<\/span>08.30 \u2013 16:45 Uhr<br \/><strong>Freitag:<\/strong><span>\u00a0<\/span>08.30 \u2013 15:00 Uhr<br \/><strong>Samstag:<\/strong><span>\u00a0<\/span>Geschlossen<br \/><strong>Sonntag:<\/strong><span>\u00a0<\/span>Geschlossen<br \/>(12.00 -13.00 Uhr Mittagspause)<\/p>\n<\/div>\n<\/div>\n<p>[\/et_pb_text][\/et_pb_column][et_pb_column type=&#8220;1_2&#8243; _builder_version=&#8220;4.22.0&#8243; _module_preset=&#8220;default&#8220; global_colors_info=&#8220;{}&#8220;][et_pb_code _builder_version=&#8220;4.22.0&#8243; _module_preset=&#8220;default&#8220; global_colors_info=&#8220;{}&#8220;]\n<div class=\"wpcf7 no-js\" id=\"wpcf7-f234-o1\" lang=\"de-DE\" dir=\"ltr\">\n<div class=\"screen-reader-response\"><p role=\"status\" aria-live=\"polite\" aria-atomic=\"true\"><\/p> <ul><\/ul><\/div>\n<form action=\"\/en_en\/wp-json\/wp\/v2\/pages\/230#wpcf7-f234-o1\" method=\"post\" class=\"wpcf7-form init\" aria-label=\"Kontaktformular\" novalidate=\"novalidate\" data-status=\"init\" data-trp-original-action=\"\/en_en\/wp-json\/wp\/v2\/pages\/230#wpcf7-f234-o1\">\n<div style=\"display: none;\">\n<input type=\"hidden\" name=\"_wpcf7\" value=\"234\" \/>\n<input type=\"hidden\" name=\"_wpcf7_version\" value=\"5.8\" \/>\n<input type=\"hidden\" name=\"_wpcf7_locale\" value=\"de_DE\" \/>\n<input type=\"hidden\" name=\"_wpcf7_unit_tag\" value=\"wpcf7-f234-o1\" \/>\n<input type=\"hidden\" name=\"_wpcf7_container_post\" value=\"0\" \/>\n<input type=\"hidden\" name=\"_wpcf7_posted_data_hash\" value=\"\" \/>\n<\/div>\n<div class=\"kontakt_form_wrap\">\n\t<div class=\"kontakt_form\">\n\t\t<div class=\"kontakt_form_innerwrap\">\n\t\t\t<p>Firma\n\t\t\t<\/p>\n\t\t\t<p><span class=\"wpcf7-form-control-wrap\" data-name=\"Firma\"><input size=\"40\" class=\"wpcf7-form-control wpcf7-text firma\" aria-invalid=\"false\" value=\"\" type=\"text\" name=\"Firma\" \/><\/span>\n\t\t\t<\/p>\n\t\t<\/div>\n\t\t<div class=\"kontakt_form_innerwrap\">\n\t\t\t<p>Name\n\t\t\t<\/p>\n\t\t\t<p><span class=\"wpcf7-form-control-wrap\" data-name=\"Name\"><input size=\"40\" class=\"wpcf7-form-control wpcf7-text wpcf7-validates-as-required name\" aria-required=\"true\" aria-invalid=\"false\" value=\"\" type=\"text\" name=\"Name\" \/><\/span>\n\t\t\t<\/p>\n\t\t<\/div>\n\t\t<div class=\"kontakt_form_innerwrap\">\n\t\t\t<p>E-Mail\n\t\t\t<\/p>\n\t\t\t<p><span class=\"wpcf7-form-control-wrap\" data-name=\"E-Mail\"><input size=\"40\" class=\"wpcf7-form-control wpcf7-email wpcf7-validates-as-required wpcf7-text wpcf7-validates-as-email mail\" aria-required=\"true\" aria-invalid=\"false\" value=\"\" type=\"email\" name=\"E-Mail\" \/><\/span>\n\t\t\t<\/p>\n\t\t<\/div>\n\t\t<div class=\"kontakt_form_innerwrap\">\n\t\t\t<p>Ihre Nachricht\n\t\t\t<\/p>\n\t\t\t<p><span class=\"wpcf7-form-control-wrap\" data-name=\"Nachricht\"><textarea cols=\"40\" rows=\"10\" class=\"wpcf7-form-control wpcf7-textarea wpcf7-validates-as-required text\" aria-required=\"true\" aria-invalid=\"false\" name=\"Nachricht\"><\/textarea><\/span>\n\t\t\t<\/p>\n\t\t<\/div>\n\t\t<div class=\"kontakt_form_innerwrap\">\n\t\t\t<p>Bestell-Nr.\n\t\t\t<\/p>\n\t\t\t<p><span class=\"wpcf7-form-control-wrap\" data-name=\"Bestell-Nr\"><input size=\"40\" class=\"wpcf7-form-control wpcf7-text bestellnr\" aria-invalid=\"false\" value=\"\" type=\"text\" name=\"Bestell-Nr\" \/><\/span>\n\t\t\t<\/p>\n\t\t<\/div>\n\t\t<div class=\"kontakt_form_innerwrap\">\n\t\t\t<p><input class=\"wpcf7-form-control wpcf7-submit has-spinner kontakt_senden\" type=\"submit\" value=\"Senden\" \/>\n\t\t\t<\/p>\n\t\t<\/div>\n\t<\/div>\n<\/div><div class=\"wpcf7-response-output\" aria-hidden=\"true\"><\/div>\n<input type=\"hidden\" name=\"trp-form-language\" value=\"en_en\"\/><\/form>\n<\/div>\n[\/et_pb_code][\/et_pb_column][\/et_pb_row][\/et_pb_section]<\/p>","protected":false},"excerpt":{"rendered":"<p>Kontakt Wir freuen uns darauf, von Ihnen zu h\u00f6ren! Haben Sie Fragen, Anregungen oder m\u00f6chten Sie einfach nur mit uns in Verbindung treten? Nutzen Sie gerne die untenstehenden Kontaktinformationen oder das Kontaktformular, um uns eine Nachricht zu hinterlassen. Wir sind bestrebt, Ihnen so schnell wie m\u00f6glich zu antworten.GFM Gesellschaft f\u00fcr MarktlogistikPostfach 1364,75403 M\u00fchlacker Montag:\u00a008.30 \u2013 [&hellip;]<\/p>","protected":false},"author":3,"featured_media":0,"parent":0,"menu_order":0,"comment_status":"closed","ping_status":"closed","template":"","meta":{"_et_pb_use_builder":"on","_et_pb_old_content":"","_et_gb_content_width":"","footnotes":""},"class_list":["post-230","page","type-page","status-publish","hentry"],"yoast_head":"<!-- This site is optimized with the Yoast SEO plugin v21.1 - https:\/\/yoast.com\/wordpress\/plugins\/seo\/ -->\n<title>Kontakt - Flachkeder SFLEX Onlineshop<\/title>\n<meta name=\"robots\" content=\"index, follow, max-snippet:-1, max-image-preview:large, max-video-preview:-1\" \/>\n<link rel=\"canonical\" href=\"https:\/\/s-flexkeder.de\/en_en\/kontakt\/\" \/>\n<meta property=\"og:locale\" content=\"en_US\" \/>\n<meta property=\"og:type\" content=\"article\" \/>\n<meta property=\"og:title\" content=\"Kontakt - Flachkeder SFLEX Onlineshop\" \/>\n<meta property=\"og:description\" content=\"Kontakt Wir freuen uns darauf, von Ihnen zu h\u00f6ren! Haben Sie Fragen, Anregungen oder m\u00f6chten Sie einfach nur mit uns in Verbindung treten? Nutzen Sie gerne die untenstehenden Kontaktinformationen oder das Kontaktformular, um uns eine Nachricht zu hinterlassen. Wir sind bestrebt, Ihnen so schnell wie m\u00f6glich zu antworten.GFM Gesellschaft f\u00fcr MarktlogistikPostfach 1364,75403 M\u00fchlacker Montag:\u00a008.30 \u2013 [&hellip;]\" \/>\n<meta property=\"og:url\" content=\"https:\/\/s-flexkeder.de\/en_en\/kontakt\/\" \/>\n<meta property=\"og:site_name\" content=\"Flachkeder SFLEX Onlineshop\" \/>\n<meta property=\"article:modified_time\" content=\"2023-09-06T12:09:36+00:00\" \/>\n<meta name=\"twitter:card\" content=\"summary_large_image\" \/>\n<meta name=\"twitter:label1\" content=\"Est. reading time\" \/>\n\t<meta name=\"twitter:data1\" content=\"1 minute\" \/>\n<script type=\"application\/ld+json\" class=\"yoast-schema-graph\">{\"@context\":\"https:\/\/schema.org\",\"@graph\":[{\"@type\":\"WebPage\",\"@id\":\"https:\/\/s-flexkeder.de\/kontakt\/\",\"url\":\"https:\/\/s-flexkeder.de\/kontakt\/\",\"name\":\"Kontakt - Flachkeder SFLEX Onlineshop\",\"isPartOf\":{\"@id\":\"https:\/\/s-flexkeder.de\/#website\"},\"datePublished\":\"2023-08-25T07:00:43+00:00\",\"dateModified\":\"2023-09-06T12:09:36+00:00\",\"breadcrumb\":{\"@id\":\"https:\/\/s-flexkeder.de\/kontakt\/#breadcrumb\"},\"inLanguage\":\"en-US\",\"potentialAction\":[{\"@type\":\"ReadAction\",\"target\":[\"https:\/\/s-flexkeder.de\/kontakt\/\"]}]},{\"@type\":\"BreadcrumbList\",\"@id\":\"https:\/\/s-flexkeder.de\/kontakt\/#breadcrumb\",\"itemListElement\":[{\"@type\":\"ListItem\",\"position\":1,\"name\":\"Startseite\",\"item\":\"https:\/\/s-flexkeder.de\/\"},{\"@type\":\"ListItem\",\"position\":2,\"name\":\"Kontakt\"}]},{\"@type\":\"WebSite\",\"@id\":\"https:\/\/s-flexkeder.de\/#website\",\"url\":\"https:\/\/s-flexkeder.de\/\",\"name\":\"Flachkeder SFLEX Onlineshop\",\"description\":\"Die neue umweltfreundliche Keder-Generation\",\"publisher\":{\"@id\":\"https:\/\/s-flexkeder.de\/#organization\"},\"potentialAction\":[{\"@type\":\"SearchAction\",\"target\":{\"@type\":\"EntryPoint\",\"urlTemplate\":\"https:\/\/s-flexkeder.de\/?s={search_term_string}\"},\"query-input\":\"required name=search_term_string\"}],\"inLanguage\":\"en-US\"},{\"@type\":\"Organization\",\"@id\":\"https:\/\/s-flexkeder.de\/#organization\",\"name\":\"Flachkeder SFLEX Onlineshop\",\"url\":\"https:\/\/s-flexkeder.de\/\",\"logo\":{\"@type\":\"ImageObject\",\"inLanguage\":\"en-US\",\"@id\":\"https:\/\/s-flexkeder.de\/#\/schema\/logo\/image\/\",\"url\":\"https:\/\/i0.wp.com\/s-flexkeder.de\/wp-content\/uploads\/2023\/05\/Logo.png?fit=747%2C287&ssl=1\",\"contentUrl\":\"https:\/\/i0.wp.com\/s-flexkeder.de\/wp-content\/uploads\/2023\/05\/Logo.png?fit=747%2C287&ssl=1\",\"width\":747,\"height\":287,\"caption\":\"Flachkeder SFLEX Onlineshop\"},\"image\":{\"@id\":\"https:\/\/s-flexkeder.de\/#\/schema\/logo\/image\/\"}}]}<\/script>\n<!-- \/ Yoast SEO plugin. -->","yoast_head_json":{"title":"Kontakt - Flachkeder SFLEX Onlineshop","robots":{"index":"index","follow":"follow","max-snippet":"max-snippet:-1","max-image-preview":"max-image-preview:large","max-video-preview":"max-video-preview:-1"},"canonical":"https:\/\/s-flexkeder.de\/en_en\/kontakt\/","og_locale":"en_US","og_type":"article","og_title":"Kontakt - Flachkeder SFLEX Onlineshop","og_description":"Kontakt Wir freuen uns darauf, von Ihnen zu h\u00f6ren! Haben Sie Fragen, Anregungen oder m\u00f6chten Sie einfach nur mit uns in Verbindung treten? Nutzen Sie gerne die untenstehenden Kontaktinformationen oder das Kontaktformular, um uns eine Nachricht zu hinterlassen. Wir sind bestrebt, Ihnen so schnell wie m\u00f6glich zu antworten.GFM Gesellschaft f\u00fcr MarktlogistikPostfach 1364,75403 M\u00fchlacker Montag:\u00a008.30 \u2013 [&hellip;]","og_url":"https:\/\/s-flexkeder.de\/en_en\/kontakt\/","og_site_name":"Flachkeder SFLEX Onlineshop","article_modified_time":"2023-09-06T12:09:36+00:00","twitter_card":"summary_large_image","twitter_misc":{"Est. reading time":"1 minute"},"schema":{"@context":"https:\/\/schema.org","@graph":[{"@type":"WebPage","@id":"https:\/\/s-flexkeder.de\/kontakt\/","url":"https:\/\/s-flexkeder.de\/kontakt\/","name":"Kontakt - Flachkeder SFLEX Onlineshop","isPartOf":{"@id":"https:\/\/s-flexkeder.de\/#website"},"datePublished":"2023-08-25T07:00:43+00:00","dateModified":"2023-09-06T12:09:36+00:00","breadcrumb":{"@id":"https:\/\/s-flexkeder.de\/kontakt\/#breadcrumb"},"inLanguage":"en-US","potentialAction":[{"@type":"ReadAction","target":["https:\/\/s-flexkeder.de\/kontakt\/"]}]},{"@type":"BreadcrumbList","@id":"https:\/\/s-flexkeder.de\/kontakt\/#breadcrumb","itemListElement":[{"@type":"ListItem","position":1,"name":"Startseite","item":"https:\/\/s-flexkeder.de\/"},{"@type":"ListItem","position":2,"name":"Kontakt"}]},{"@type":"WebSite","@id":"https:\/\/s-flexkeder.de\/#website","url":"https:\/\/s-flexkeder.de\/","name":"Flachkeder SFLEX Onlineshop","description":"Die neue umweltfreundliche Keder-Generation","publisher":{"@id":"https:\/\/s-flexkeder.de\/#organization"},"potentialAction":[{"@type":"SearchAction","target":{"@type":"EntryPoint","urlTemplate":"https:\/\/s-flexkeder.de\/?s={search_term_string}"},"query-input":"required name=search_term_string"}],"inLanguage":"en-US"},{"@type":"Organization","@id":"https:\/\/s-flexkeder.de\/#organization","name":"Flachkeder SFLEX Onlineshop","url":"https:\/\/s-flexkeder.de\/","logo":{"@type":"ImageObject","inLanguage":"en-US","@id":"https:\/\/s-flexkeder.de\/#\/schema\/logo\/image\/","url":"https:\/\/i0.wp.com\/s-flexkeder.de\/wp-content\/uploads\/2023\/05\/Logo.png?fit=747%2C287&ssl=1","contentUrl":"https:\/\/i0.wp.com\/s-flexkeder.de\/wp-content\/uploads\/2023\/05\/Logo.png?fit=747%2C287&ssl=1","width":747,"height":287,"caption":"Flachkeder SFLEX Onlineshop"},"image":{"@id":"https:\/\/s-flexkeder.de\/#\/schema\/logo\/image\/"}}]}},"_links":{"self":[{"href":"https:\/\/s-flexkeder.de\/en_en\/wp-json\/wp\/v2\/pages\/230","targetHints":{"allow":["GET"]}}],"collection":[{"href":"https:\/\/s-flexkeder.de\/en_en\/wp-json\/wp\/v2\/pages"}],"about":[{"href":"https:\/\/s-flexkeder.de\/en_en\/wp-json\/wp\/v2\/types\/page"}],"author":[{"embeddable":true,"href":"https:\/\/s-flexkeder.de\/en_en\/wp-json\/wp\/v2\/users\/3"}],"replies":[{"embeddable":true,"href":"https:\/\/s-flexkeder.de\/en_en\/wp-json\/wp\/v2\/comments?post=230"}],"version-history":[{"count":5,"href":"https:\/\/s-flexkeder.de\/en_en\/wp-json\/wp\/v2\/pages\/230\/revisions"}],"predecessor-version":[{"id":352,"href":"https:\/\/s-flexkeder.de\/en_en\/wp-json\/wp\/v2\/pages\/230\/revisions\/352"}],"wp:attachment":[{"href":"https:\/\/s-flexkeder.de\/en_en\/wp-json\/wp\/v2\/media?parent=230"}],"curies":[{"name":"wp","href":"https:\/\/api.w.org\/{rel}","templated":true}]}}