{"id":137,"date":"2023-06-09T13:36:44","date_gmt":"2023-06-09T11:36:44","guid":{"rendered":"https:\/\/s-flexkeder.de\/versandarten\/"},"modified":"2023-09-20T11:35:40","modified_gmt":"2023-09-20T09:35:40","slug":"versandarten","status":"publish","type":"page","link":"https:\/\/s-flexkeder.de\/en_en\/versandarten\/","title":{"rendered":"Shipping methods"},"content":{"rendered":"<p>[et_pb_section fb_built=&#8220;1&#8243; _builder_version=&#8220;4.22.0&#8243; _module_preset=&#8220;default&#8220; global_colors_info=&#8220;{}&#8220;][et_pb_row column_structure=&#8220;1_2,1_2&#8243; _builder_version=&#8220;4.22.0&#8243; _module_preset=&#8220;default&#8220; global_colors_info=&#8220;{}&#8220;][et_pb_column type=&#8220;1_2&#8243; _builder_version=&#8220;4.22.0&#8243; _module_preset=&#8220;default&#8220; global_colors_info=&#8220;{}&#8220;][et_pb_text _builder_version=&#8220;4.22.0&#8243; _module_preset=&#8220;default&#8220; global_colors_info=&#8220;{}&#8220;]<\/p>\n<h1>Unsere Versandpartner<\/h1>\n<p><span>In unserem Online-Shop legen wir gro\u00dfen Wert auf erstklassigen Service und eine reibungslose Lieferung Ihrer Bestellungen. Aus diesem Grund haben wir uns daf\u00fcr entschieden, mit zwei renommierten Versandpartnern zusammenzuarbeiten: DHL und DPD.<\/span><\/p>\n<p><span>Vielen Dank, dass Sie sich f\u00fcr unseren Online-Shop entschieden haben. Wir freuen uns darauf, Ihre Bestellungen mit DHL und DPD zuverl\u00e4ssig und z\u00fcgig zu Ihnen zu bringen.<\/span><\/p>\n<p>[\/et_pb_text][\/et_pb_column][et_pb_column type=&#8220;1_2&#8243; _builder_version=&#8220;4.22.0&#8243; _module_preset=&#8220;default&#8220; global_colors_info=&#8220;{}&#8220;][et_pb_text _builder_version=&#8220;4.22.1&#8243; _module_preset=&#8220;default&#8220; hover_enabled=&#8220;0&#8243; global_colors_info=&#8220;{}&#8220; sticky_enabled=&#8220;0&#8243;]<\/p>\n<h1>Versandkosten Max 4 Rollen<\/h1>\n<p>[\/et_pb_text][et_pb_text _builder_version=&#8220;4.22.1&#8243; _module_preset=&#8220;default&#8220; hover_enabled=&#8220;0&#8243; global_colors_info=&#8220;{}&#8220; sticky_enabled=&#8220;0&#8243;]<\/p>\n<table border=\"1\" style=\"border-collapse: collapse; width: 100%; height: 72px;\">\n<tbody>\n<tr style=\"height: 24px;\">\n<td style=\"width: 50%; height: 24px;\">Deutschland<\/td>\n<td style=\"width: 50%; height: 24px;\">20\u20ac<\/td>\n<\/tr>\n<tr style=\"height: 24px;\">\n<td style=\"width: 50%; height: 24px;\">Europa<\/td>\n<td style=\"width: 50%; height: 24px;\">45\u20ac<\/td>\n<\/tr>\n<tr style=\"height: 24px;\">\n<td style=\"width: 50%; height: 24px;\">International<\/td>\n<td style=\"width: 50%; height: 24px;\">Auf Anfrage<\/td>\n<\/tr>\n<\/tbody>\n<\/table>\n<p>[\/et_pb_text][\/et_pb_column][\/et_pb_row][et_pb_row column_structure=&#8220;1_4,1_4,1_4,1_4&#8243; _builder_version=&#8220;4.22.0&#8243; _module_preset=&#8220;default&#8220; global_colors_info=&#8220;{}&#8220;][et_pb_column type=&#8220;1_4&#8243; _builder_version=&#8220;4.22.0&#8243; _module_preset=&#8220;default&#8220; global_colors_info=&#8220;{}&#8220;][et_pb_image src=&#8220;https:\/\/s-flexkeder.de\/wp-content\/uploads\/2023\/08\/DHL_Logo.svg&#8220; title_text=&#8220;DHL_Logo&#8220; align=&#8220;center&#8220; _builder_version=&#8220;4.22.0&#8243; _module_preset=&#8220;default&#8220; global_colors_info=&#8220;{}&#8220;][\/et_pb_image][\/et_pb_column][et_pb_column type=&#8220;1_4&#8243; _builder_version=&#8220;4.22.0&#8243; _module_preset=&#8220;default&#8220; global_colors_info=&#8220;{}&#8220;][et_pb_image src=&#8220;https:\/\/s-flexkeder.de\/wp-content\/uploads\/2023\/08\/DPD_logo_2015.svg&#8220; title_text=&#8220;DPD_logo_(2015)&#8220; align=&#8220;center&#8220; _builder_version=&#8220;4.22.0&#8243; _module_preset=&#8220;default&#8220; transform_translate=&#8220;0px|-26px&#8220; transform_translate_linked=&#8220;off&#8220; width=&#8220;58%&#8220; global_colors_info=&#8220;{}&#8220;][\/et_pb_image][\/et_pb_column][et_pb_column type=&#8220;1_4&#8243; _builder_version=&#8220;4.22.0&#8243; _module_preset=&#8220;default&#8220; global_colors_info=&#8220;{}&#8220;][\/et_pb_column][et_pb_column type=&#8220;1_4&#8243; _builder_version=&#8220;4.22.0&#8243; _module_preset=&#8220;default&#8220; global_colors_info=&#8220;{}&#8220;][\/et_pb_column][\/et_pb_row][\/et_pb_section]<\/p>","protected":false},"excerpt":{"rendered":"<p>Unsere Versandpartner In unserem Online-Shop legen wir gro\u00dfen Wert auf erstklassigen Service und eine reibungslose Lieferung Ihrer Bestellungen. Aus diesem Grund haben wir uns daf\u00fcr entschieden, mit zwei renommierten Versandpartnern zusammenzuarbeiten: DHL und DPD. Vielen Dank, dass Sie sich f\u00fcr unseren Online-Shop entschieden haben. Wir freuen uns darauf, Ihre Bestellungen mit DHL und DPD zuverl\u00e4ssig [&hellip;]<\/p>","protected":false},"author":3,"featured_media":0,"parent":0,"menu_order":0,"comment_status":"closed","ping_status":"closed","template":"","meta":{"_et_pb_use_builder":"on","_et_pb_old_content":"","_et_gb_content_width":"","footnotes":""},"class_list":["post-137","page","type-page","status-publish","hentry"],"yoast_head":"<!-- This site is optimized with the Yoast SEO plugin v21.1 - https:\/\/yoast.com\/wordpress\/plugins\/seo\/ -->\n<title>Versandarten - Flachkeder SFLEX Onlineshop<\/title>\n<meta name=\"robots\" content=\"index, follow, max-snippet:-1, max-image-preview:large, max-video-preview:-1\" \/>\n<link rel=\"canonical\" href=\"https:\/\/s-flexkeder.de\/en_en\/versandarten\/\" \/>\n<meta property=\"og:locale\" content=\"en_US\" \/>\n<meta property=\"og:type\" content=\"article\" \/>\n<meta property=\"og:title\" content=\"Versandarten - Flachkeder SFLEX Onlineshop\" \/>\n<meta property=\"og:description\" content=\"Unsere Versandpartner In unserem Online-Shop legen wir gro\u00dfen Wert auf erstklassigen Service und eine reibungslose Lieferung Ihrer Bestellungen. Aus diesem Grund haben wir uns daf\u00fcr entschieden, mit zwei renommierten Versandpartnern zusammenzuarbeiten: DHL und DPD. Vielen Dank, dass Sie sich f\u00fcr unseren Online-Shop entschieden haben. Wir freuen uns darauf, Ihre Bestellungen mit DHL und DPD zuverl\u00e4ssig [&hellip;]\" \/>\n<meta property=\"og:url\" content=\"https:\/\/s-flexkeder.de\/en_en\/versandarten\/\" \/>\n<meta property=\"og:site_name\" content=\"Flachkeder SFLEX Onlineshop\" \/>\n<meta property=\"article:modified_time\" content=\"2023-09-20T09:35:40+00:00\" \/>\n<meta name=\"twitter:card\" content=\"summary_large_image\" \/>\n<meta name=\"twitter:label1\" content=\"Est. reading time\" \/>\n\t<meta name=\"twitter:data1\" content=\"2 minutes\" \/>\n<script type=\"application\/ld+json\" class=\"yoast-schema-graph\">{\"@context\":\"https:\/\/schema.org\",\"@graph\":[{\"@type\":\"WebPage\",\"@id\":\"https:\/\/s-flexkeder.de\/versandarten\/\",\"url\":\"https:\/\/s-flexkeder.de\/versandarten\/\",\"name\":\"Versandarten - Flachkeder SFLEX Onlineshop\",\"isPartOf\":{\"@id\":\"https:\/\/s-flexkeder.de\/#website\"},\"datePublished\":\"2023-06-09T11:36:44+00:00\",\"dateModified\":\"2023-09-20T09:35:40+00:00\",\"breadcrumb\":{\"@id\":\"https:\/\/s-flexkeder.de\/versandarten\/#breadcrumb\"},\"inLanguage\":\"en-US\",\"potentialAction\":[{\"@type\":\"ReadAction\",\"target\":[\"https:\/\/s-flexkeder.de\/versandarten\/\"]}]},{\"@type\":\"BreadcrumbList\",\"@id\":\"https:\/\/s-flexkeder.de\/versandarten\/#breadcrumb\",\"itemListElement\":[{\"@type\":\"ListItem\",\"position\":1,\"name\":\"Startseite\",\"item\":\"https:\/\/s-flexkeder.de\/\"},{\"@type\":\"ListItem\",\"position\":2,\"name\":\"Versandarten\"}]},{\"@type\":\"WebSite\",\"@id\":\"https:\/\/s-flexkeder.de\/#website\",\"url\":\"https:\/\/s-flexkeder.de\/\",\"name\":\"Flachkeder SFLEX Onlineshop\",\"description\":\"Die neue umweltfreundliche Keder-Generation\",\"publisher\":{\"@id\":\"https:\/\/s-flexkeder.de\/#organization\"},\"potentialAction\":[{\"@type\":\"SearchAction\",\"target\":{\"@type\":\"EntryPoint\",\"urlTemplate\":\"https:\/\/s-flexkeder.de\/?s={search_term_string}\"},\"query-input\":\"required name=search_term_string\"}],\"inLanguage\":\"en-US\"},{\"@type\":\"Organization\",\"@id\":\"https:\/\/s-flexkeder.de\/#organization\",\"name\":\"Flachkeder SFLEX Onlineshop\",\"url\":\"https:\/\/s-flexkeder.de\/\",\"logo\":{\"@type\":\"ImageObject\",\"inLanguage\":\"en-US\",\"@id\":\"https:\/\/s-flexkeder.de\/#\/schema\/logo\/image\/\",\"url\":\"https:\/\/i0.wp.com\/s-flexkeder.de\/wp-content\/uploads\/2023\/05\/Logo.png?fit=747%2C287&ssl=1\",\"contentUrl\":\"https:\/\/i0.wp.com\/s-flexkeder.de\/wp-content\/uploads\/2023\/05\/Logo.png?fit=747%2C287&ssl=1\",\"width\":747,\"height\":287,\"caption\":\"Flachkeder SFLEX Onlineshop\"},\"image\":{\"@id\":\"https:\/\/s-flexkeder.de\/#\/schema\/logo\/image\/\"}}]}<\/script>\n<!-- \/ Yoast SEO plugin. -->","yoast_head_json":{"title":"Versandarten - Flachkeder SFLEX Onlineshop","robots":{"index":"index","follow":"follow","max-snippet":"max-snippet:-1","max-image-preview":"max-image-preview:large","max-video-preview":"max-video-preview:-1"},"canonical":"https:\/\/s-flexkeder.de\/en_en\/versandarten\/","og_locale":"en_US","og_type":"article","og_title":"Versandarten - Flachkeder SFLEX Onlineshop","og_description":"Unsere Versandpartner In unserem Online-Shop legen wir gro\u00dfen Wert auf erstklassigen Service und eine reibungslose Lieferung Ihrer Bestellungen. Aus diesem Grund haben wir uns daf\u00fcr entschieden, mit zwei renommierten Versandpartnern zusammenzuarbeiten: DHL und DPD. Vielen Dank, dass Sie sich f\u00fcr unseren Online-Shop entschieden haben. Wir freuen uns darauf, Ihre Bestellungen mit DHL und DPD zuverl\u00e4ssig [&hellip;]","og_url":"https:\/\/s-flexkeder.de\/en_en\/versandarten\/","og_site_name":"Flachkeder SFLEX Onlineshop","article_modified_time":"2023-09-20T09:35:40+00:00","twitter_card":"summary_large_image","twitter_misc":{"Est. reading time":"2 minutes"},"schema":{"@context":"https:\/\/schema.org","@graph":[{"@type":"WebPage","@id":"https:\/\/s-flexkeder.de\/versandarten\/","url":"https:\/\/s-flexkeder.de\/versandarten\/","name":"Versandarten - Flachkeder SFLEX Onlineshop","isPartOf":{"@id":"https:\/\/s-flexkeder.de\/#website"},"datePublished":"2023-06-09T11:36:44+00:00","dateModified":"2023-09-20T09:35:40+00:00","breadcrumb":{"@id":"https:\/\/s-flexkeder.de\/versandarten\/#breadcrumb"},"inLanguage":"en-US","potentialAction":[{"@type":"ReadAction","target":["https:\/\/s-flexkeder.de\/versandarten\/"]}]},{"@type":"BreadcrumbList","@id":"https:\/\/s-flexkeder.de\/versandarten\/#breadcrumb","itemListElement":[{"@type":"ListItem","position":1,"name":"Startseite","item":"https:\/\/s-flexkeder.de\/"},{"@type":"ListItem","position":2,"name":"Versandarten"}]},{"@type":"WebSite","@id":"https:\/\/s-flexkeder.de\/#website","url":"https:\/\/s-flexkeder.de\/","name":"Flachkeder SFLEX Onlineshop","description":"Die neue umweltfreundliche Keder-Generation","publisher":{"@id":"https:\/\/s-flexkeder.de\/#organization"},"potentialAction":[{"@type":"SearchAction","target":{"@type":"EntryPoint","urlTemplate":"https:\/\/s-flexkeder.de\/?s={search_term_string}"},"query-input":"required name=search_term_string"}],"inLanguage":"en-US"},{"@type":"Organization","@id":"https:\/\/s-flexkeder.de\/#organization","name":"Flachkeder SFLEX Onlineshop","url":"https:\/\/s-flexkeder.de\/","logo":{"@type":"ImageObject","inLanguage":"en-US","@id":"https:\/\/s-flexkeder.de\/#\/schema\/logo\/image\/","url":"https:\/\/i0.wp.com\/s-flexkeder.de\/wp-content\/uploads\/2023\/05\/Logo.png?fit=747%2C287&ssl=1","contentUrl":"https:\/\/i0.wp.com\/s-flexkeder.de\/wp-content\/uploads\/2023\/05\/Logo.png?fit=747%2C287&ssl=1","width":747,"height":287,"caption":"Flachkeder SFLEX Onlineshop"},"image":{"@id":"https:\/\/s-flexkeder.de\/#\/schema\/logo\/image\/"}}]}},"_links":{"self":[{"href":"https:\/\/s-flexkeder.de\/en_en\/wp-json\/wp\/v2\/pages\/137","targetHints":{"allow":["GET"]}}],"collection":[{"href":"https:\/\/s-flexkeder.de\/en_en\/wp-json\/wp\/v2\/pages"}],"about":[{"href":"https:\/\/s-flexkeder.de\/en_en\/wp-json\/wp\/v2\/types\/page"}],"author":[{"embeddable":true,"href":"https:\/\/s-flexkeder.de\/en_en\/wp-json\/wp\/v2\/users\/3"}],"replies":[{"embeddable":true,"href":"https:\/\/s-flexkeder.de\/en_en\/wp-json\/wp\/v2\/comments?post=137"}],"version-history":[{"count":10,"href":"https:\/\/s-flexkeder.de\/en_en\/wp-json\/wp\/v2\/pages\/137\/revisions"}],"predecessor-version":[{"id":432,"href":"https:\/\/s-flexkeder.de\/en_en\/wp-json\/wp\/v2\/pages\/137\/revisions\/432"}],"wp:attachment":[{"href":"https:\/\/s-flexkeder.de\/en_en\/wp-json\/wp\/v2\/media?parent=137"}],"curies":[{"name":"wp","href":"https:\/\/api.w.org\/{rel}","templated":true}]}}