{"id":135,"date":"2023-06-09T13:36:44","date_gmt":"2023-06-09T11:36:44","guid":{"rendered":"https:\/\/s-flexkeder.de\/agb\/"},"modified":"2023-09-05T09:39:48","modified_gmt":"2023-09-05T07:39:48","slug":"agb","status":"publish","type":"page","link":"https:\/\/s-flexkeder.de\/en_en\/agb\/","title":{"rendered":"AGB"},"content":{"rendered":"<p>[et_pb_section fb_built=&#8220;1&#8243; theme_builder_area=&#8220;post_content&#8220; _builder_version=&#8220;4.22.0&#8243; _module_preset=&#8220;default&#8220;][et_pb_row _builder_version=&#8220;4.22.0&#8243; _module_preset=&#8220;default&#8220; theme_builder_area=&#8220;post_content&#8220;][et_pb_column _builder_version=&#8220;4.22.0&#8243; _module_preset=&#8220;default&#8220; type=&#8220;4_4&#8243; theme_builder_area=&#8220;post_content&#8220;][et_pb_text _builder_version=&#8220;4.22.0&#8243; _module_preset=&#8220;default&#8220; theme_builder_area=&#8220;post_content&#8220; hover_enabled=&#8220;0&#8243; sticky_enabled=&#8220;0&#8243;]<\/p>\n<h1>Allgemeine Gesch\u00e4ftsbedingungen (AGB)<\/h1>\n<p>&nbsp;<\/p>\n<h2>I. Angebot und Vertragsabschluss<\/h2>\n<p>&nbsp;<\/p>\n<ol>\n<li>Unsere Angebote sind unverbindlich, und Preislisten dienen lediglich zur Orientierung. Verbindlich werden Vereinbarungen erst durch unsere schriftliche Zustimmung. Dies gilt auch f\u00fcr Nebenabreden, \u00c4nderungen der Zahlungskonditionen, Provisionszusagen und alle anderen Willenserkl\u00e4rungen, aus denen Rechte Dritter gegen den Lieferer abgeleitet werden k\u00f6nnen.<\/li>\n<\/ol>\n<p>&nbsp;<\/p>\n<ol start=\"2\">\n<li>Abweichende Einkaufsbedingungen des Auftraggebers sind nur dann verbindlich, wenn sie von uns ausdr\u00fccklich schriftlich best\u00e4tigt werden.<\/li>\n<\/ol>\n<p>&nbsp;<\/p>\n<ol start=\"3\">\n<li>Die Annahme von Auftr\u00e4gen setzt die Kreditw\u00fcrdigkeit voraus.<\/li>\n<\/ol>\n<p>&nbsp;<\/p>\n<h2>II. Lieferung und Lieferverzug<\/h2>\n<p>&nbsp;<\/p>\n<ol>\n<li>Wenn der vereinbarte Liefertermin um mehr als vier Wochen \u00fcberschritten wird, hat der Besteller das Recht, uns eine Nachfrist von zwei Monaten zu setzen. Beh\u00f6rdliche Anordnungen, h\u00f6here Gewalt, Streiks, Aussperrungen, Betriebsst\u00f6rungen und andere Umst\u00e4nde, die die Lieferf\u00e4higkeit beeintr\u00e4chtigen und die nicht von uns zu vertreten sind, entbinden uns f\u00fcr die Dauer der Behinderung von der Lieferverpflichtung. In solchen F\u00e4llen hat der K\u00e4ufer keine Anspr\u00fcche auf Schadensersatz oder Nachlieferung.<\/li>\n<\/ol>\n<p>&nbsp;<\/p>\n<h2>III. M\u00e4ngelr\u00fcge und Gew\u00e4hrleistung<\/h2>\n<p>&nbsp;<\/p>\n<ol>\n<li>Etwaige M\u00e4ngel sind unverz\u00fcglich, sp\u00e4testens jedoch innerhalb von 10 Tagen nach Erhalt der Ware, verdeckte M\u00e4ngel ebenfalls innerhalb von 10 Tagen nach Entdeckung, schriftlich an uns zu melden.<\/li>\n<\/ol>\n<p>&nbsp;<\/p>\n<ol start=\"2\">\n<li>Im Falle von berechtigten und ordnungsgem\u00e4\u00df ger\u00fcgten M\u00e4ngeln sind wir lediglich verpflichtet, die Ware umzutauschen oder, falls dies nicht m\u00f6glich ist, sie zur\u00fcckzunehmen und den Kaufpreis zu erstatten. Voraussetzung hierf\u00fcr ist, dass die Ware sich noch im gleichen Zustand wie bei der Lieferung befindet. R\u00fccksendungen sind nur mit unserer ausdr\u00fccklichen Einwilligung m\u00f6glich. Dichtungs- und Korrosionssch\u00e4den sind von der Gew\u00e4hrleistung ausgeschlossen.<\/li>\n<\/ol>\n<p>&nbsp;<\/p>\n<ol start=\"3\">\n<li>Bei M\u00e4ngelr\u00fcgen k\u00f6nnen wir dennoch auf die Bezahlung des vereinbarten Kaufpreises innerhalb der festgelegten Zahlungsfrist bestehen, wobei dieser sich am Wert der mangelhaften Leistung orientiert. Anspr\u00fcche auf Ersatz von mittelbaren Sch\u00e4den sind ausgeschlossen, es sei denn, es handelt sich um grobes Verschulden.<\/li>\n<\/ol>\n<p>&nbsp;<\/p>\n<h2>IV. Zahlungsbedingungen<\/h2>\n<p>&nbsp;<\/p>\n<ol>\n<li>Unsere Rechnungen sind zahlbar innerhalb von 10 Tagen nach Rechnungsdatum mit 2% Skonto auf den reinen Warenwert, zzgl. gesetzlicher Mehrwertsteuer, Versandkosten und Verpackung, oder innerhalb von 30 Tagen rein netto. Rechnungen f\u00fcr Reparaturen und Ersatzteile sind sofort rein netto zahlbar.<\/li>\n<\/ol>\n<p>&nbsp;<\/p>\n<ol start=\"2\">\n<li>Schecks gelten erst nach Einl\u00f6sung als Zahlung. Im Falle des Zahlungsverzugs verpflichtet sich der K\u00e4ufer, Verzugszinsen in H\u00f6he von 5% \u00fcber dem jeweiligen Diskontsatz der Deutschen Bundesbank zu zahlen. Der K\u00e4ufer ger\u00e4t ab dem Tag der ersten Mahnung in Verzug und ist verpflichtet, uns unverz\u00fcglich zu benachrichtigen, wenn er die Rechnung nicht erhalten hat, beispielsweise aufgrund von Fehlleitungen durch die Post oder Versehen des Verk\u00e4ufers.<\/li>\n<\/ol>\n<p>&nbsp;<\/p>\n<ol start=\"3\">\n<li>Abweichende Einkaufsbedingungen unserer Auftraggeber sind nur verbindlich, wenn sie von uns schriftlich best\u00e4tigt wurden. Die Zur\u00fcckhaltung von Zahlungen wegen unbeachteter Anspr\u00fcche des Kunden ist ausgeschlossen, ebenso wie die Aufrechnung mit unbezweifelten oder rechtskr\u00e4ftig festgestellten Forderungen.<\/li>\n<\/ol>\n<p>&nbsp;<\/p>\n<h2>V. Nichtabnahme bestellter Ware<\/h2>\n<p>&nbsp;<\/p>\n<p>Im Falle der Nichtabnahme bestellter Ware behalten wir uns das Recht vor, vom Vertrag zur\u00fcckzutreten oder Schadenersatz wegen Nichterf\u00fcllung zu verlangen. Im Falle des Abnahmeverzugs kann Schadenersatz in H\u00f6he von 25% des Bestellpreises ohne Abz\u00fcge gefordert werden. Die Geltendmachung weitergehender Ersatzanspr\u00fcche bleibt hiervon unber\u00fchrt.<\/p>\n<p>&nbsp;<\/p>\n<h2>VI. Eigentumsvorbehalt<\/h2>\n<p>&nbsp;<\/p>\n<ol>\n<li>Wir behalten uns das Eigentum an den gelieferten Waren bis zur vollst\u00e4ndigen Begleichung aller uns zustehenden und noch entstehenden Forderungen aus der Gesch\u00e4ftsbeziehung mit dem Kunden vor.<\/li>\n<\/ol>\n<p>&nbsp;<\/p>\n<ol start=\"2\">\n<li>Der Besteller ist berechtigt, die gelieferte Ware im Rahmen seines ordnungsgem\u00e4\u00dfen Gesch\u00e4ftsbetriebs zu verarbeiten. Sollte das Eigentum durch die Verarbeitung erl\u00f6schen, tritt der Besteller uns das Eigentum am neuen Gegenstand, der durch die Verarbeitung entstanden ist, bereits jetzt ab. Der Besteller ist verpflichtet, den entstandenen Gegenstand f\u00fcr uns unentgeltlich zu verwahren.<\/li>\n<\/ol>\n<p>&nbsp;<\/p>\n<ol start=\"3\">\n<li>Der Besteller kann die gelieferte Ware oder die aus der Verarbeitung entstandenen Gegenst\u00e4nde im Rahmen seines Gesch\u00e4ftsbetriebs weiterver\u00e4u\u00dfern. Er tritt uns bereits jetzt alle Forderungen aus dieser Weiterver\u00e4u\u00dferung sowie s\u00e4mtliche Nebenrechte ab. Diese abgetretenen Anspr\u00fcche dienen zur Sicherung aller Anspr\u00fcche nach Absatz 1.<\/li>\n<\/ol>\n<p>&nbsp;<\/p>\n<ol start=\"4\">\n<li>Der Besteller ist zur Einziehung der uns abgetretenen Forderungen berechtigt und verpflichtet, solange wir diese Erm\u00e4chtigung nicht widerrufen haben. Die Einziehungserm\u00e4chtigung erlischt auch ohne ausdr\u00fccklichen Widerruf, wenn der Besteller seine Zahlungen einstellt. Der Besteller hat uns unverz\u00fcglich mitzuteilen, an wen er Ware ver\u00e4u\u00dfert hat und welche Forderungen ihm aus der Ver\u00e4u\u00dferung zustehen.<\/li>\n<\/ol>\n<p>&nbsp;<\/p>\n<ol start=\"5\">\n<li>Der Besteller darf die Vorbehaltsware nicht anderweitig ver\u00e4u\u00dfern oder \u00fcber die abgetretenen Forderungen anderweitig verf\u00fcgen. Jegliche Beeintr\u00e4chtigung unserer Rechte an den Waren muss uns umgehend gemeldet werden. Bei Pf\u00e4ndungen sind uns eine Abschrift des Pf\u00e4ndungsprotokolls sowie eine eidesstattliche Versicherung zu \u00fcbermitteln, aus der hervorgeht, dass der vereinbarte Eigentumsvorbehalt noch besteht und die gepf\u00e4ndete Ware unter diesen Bedingungen f\u00e4llt.<\/li>\n<\/ol>\n<p>&nbsp;<\/p>\n<ol start=\"6\">\n<li>Bei Zahlungsverzug des Bestellers oder Verletzung seiner Pflichten aus dem Eigentumsvorbehalt wird die gesamte Restschuld sofort f\u00e4llig. Wir sind berechtigt, die Herausgabe der Ware zu verlangen und diese beim K\u00e4ufer abzuholen. Der Besteller hat kein Recht zum Besitz.<\/li>\n<\/ol>\n<p>&nbsp;<\/p>\n<ol start=\"7\">\n<li>Wir verpflichten uns, das uns zustehende Eigentum an den Waren und die abgetretenen Forderungen auf Verlangen des Bestellers an diesen zu \u00fcbertragen, sofern deren Wert den Wert unserer Forderungen um 20% \u00fcbersteigt.<\/li>\n<\/ol>\n<p>&nbsp;<\/p>\n<h2>VII. Gerichtsstand und Erf\u00fcllungsort<\/h2>\n<p>&nbsp;<\/p>\n<ol>\n<li>Erf\u00fcllungsort f\u00fcr beide Parteien ist Pforzheim. F\u00fcr s\u00e4mtliche gegenw\u00e4rtigen und zuk\u00fcnftigen Anspr\u00fcche aus der Gesch\u00e4ftsbeziehung mit Vollkaufleuten, einschlie\u00dflich Wechsel- und Scheckforderungen, gilt deutsches Recht, und der ausschlie\u00dfliche Gerichtsstand ist Maulbronn oder Pforzheim. Derselbe Gerichtsstand gilt, wenn der Auftraggeber keinen allgemeinen Gerichtsstand im Inland hat, nach Vertragsschluss seinen Wohnsitz oder gew\u00f6hnlichen Aufenthalt aus dem Inland verlegt oder sein Wohnsitz oder gew\u00f6hnlicher Aufenthalt zum Zeitpunkt der Klageerhebung nicht bekannt ist.<\/li>\n<\/ol>\n<p>&nbsp;<\/p>\n<ol start=\"2\">\n<li>F\u00fcr alle Exporte gilt deutsches Recht. Im Falle von Zahlungsverzug sind s\u00e4mtliche Mahn- und Inkassokosten vom Kunden zu erstatten.<\/li>\n<\/ol>\n<p>&nbsp;<\/p>\n<h2>VIII. Salvatorische Klausel<\/h2>\n<p>&nbsp;<\/p>\n<p>Die Vertragsparteien verpflichten sich, im Falle der Unwirksamkeit einer Bestimmung dieses Vertrages eine einvernehmliche Regelung zu treffen, die in wirtschaftlicher Hinsicht dem Zweck der unwirksamen Bestimmung so weit wie m\u00f6glich entspricht.<\/p>\n<p>[\/et_pb_text][\/et_pb_column][\/et_pb_row][\/et_pb_section]<\/p>","protected":false},"excerpt":{"rendered":"<p>Allgemeine Gesch\u00e4ftsbedingungen (AGB) &nbsp; I. Angebot und Vertragsabschluss &nbsp; Unsere Angebote sind unverbindlich, und Preislisten dienen lediglich zur Orientierung. Verbindlich werden Vereinbarungen erst durch unsere schriftliche Zustimmung. Dies gilt auch f\u00fcr Nebenabreden, \u00c4nderungen der Zahlungskonditionen, Provisionszusagen und alle anderen Willenserkl\u00e4rungen, aus denen Rechte Dritter gegen den Lieferer abgeleitet werden k\u00f6nnen. &nbsp; Abweichende Einkaufsbedingungen des Auftraggebers [&hellip;]<\/p>","protected":false},"author":3,"featured_media":0,"parent":0,"menu_order":0,"comment_status":"closed","ping_status":"closed","template":"","meta":{"_et_pb_use_builder":"on","_et_pb_old_content":"","_et_gb_content_width":"","footnotes":""},"class_list":["post-135","page","type-page","status-publish","hentry"],"yoast_head":"<!-- This site is optimized with the Yoast SEO plugin v21.1 - https:\/\/yoast.com\/wordpress\/plugins\/seo\/ -->\n<title>AGB - Flachkeder SFLEX Onlineshop<\/title>\n<meta name=\"robots\" content=\"index, follow, max-snippet:-1, max-image-preview:large, max-video-preview:-1\" \/>\n<link rel=\"canonical\" href=\"https:\/\/s-flexkeder.de\/en_en\/agb\/\" \/>\n<meta property=\"og:locale\" content=\"en_US\" \/>\n<meta property=\"og:type\" content=\"article\" \/>\n<meta property=\"og:title\" content=\"AGB - Flachkeder SFLEX Onlineshop\" \/>\n<meta property=\"og:description\" content=\"Allgemeine Gesch\u00e4ftsbedingungen (AGB) &nbsp; I. Angebot und Vertragsabschluss &nbsp; Unsere Angebote sind unverbindlich, und Preislisten dienen lediglich zur Orientierung. Verbindlich werden Vereinbarungen erst durch unsere schriftliche Zustimmung. Dies gilt auch f\u00fcr Nebenabreden, \u00c4nderungen der Zahlungskonditionen, Provisionszusagen und alle anderen Willenserkl\u00e4rungen, aus denen Rechte Dritter gegen den Lieferer abgeleitet werden k\u00f6nnen. &nbsp; Abweichende Einkaufsbedingungen des Auftraggebers [&hellip;]\" \/>\n<meta property=\"og:url\" content=\"https:\/\/s-flexkeder.de\/en_en\/agb\/\" \/>\n<meta property=\"og:site_name\" content=\"Flachkeder SFLEX Onlineshop\" \/>\n<meta property=\"article:modified_time\" content=\"2023-09-05T07:39:48+00:00\" \/>\n<meta name=\"twitter:card\" content=\"summary_large_image\" \/>\n<meta name=\"twitter:label1\" content=\"Est. reading time\" \/>\n\t<meta name=\"twitter:data1\" content=\"5 minutes\" \/>\n<script type=\"application\/ld+json\" class=\"yoast-schema-graph\">{\"@context\":\"https:\/\/schema.org\",\"@graph\":[{\"@type\":\"WebPage\",\"@id\":\"https:\/\/s-flexkeder.de\/agb\/\",\"url\":\"https:\/\/s-flexkeder.de\/agb\/\",\"name\":\"AGB - Flachkeder SFLEX Onlineshop\",\"isPartOf\":{\"@id\":\"https:\/\/s-flexkeder.de\/#website\"},\"datePublished\":\"2023-06-09T11:36:44+00:00\",\"dateModified\":\"2023-09-05T07:39:48+00:00\",\"breadcrumb\":{\"@id\":\"https:\/\/s-flexkeder.de\/agb\/#breadcrumb\"},\"inLanguage\":\"en-US\",\"potentialAction\":[{\"@type\":\"ReadAction\",\"target\":[\"https:\/\/s-flexkeder.de\/agb\/\"]}]},{\"@type\":\"BreadcrumbList\",\"@id\":\"https:\/\/s-flexkeder.de\/agb\/#breadcrumb\",\"itemListElement\":[{\"@type\":\"ListItem\",\"position\":1,\"name\":\"Startseite\",\"item\":\"https:\/\/s-flexkeder.de\/\"},{\"@type\":\"ListItem\",\"position\":2,\"name\":\"AGB\"}]},{\"@type\":\"WebSite\",\"@id\":\"https:\/\/s-flexkeder.de\/#website\",\"url\":\"https:\/\/s-flexkeder.de\/\",\"name\":\"Flachkeder SFLEX Onlineshop\",\"description\":\"Die neue umweltfreundliche Keder-Generation\",\"publisher\":{\"@id\":\"https:\/\/s-flexkeder.de\/#organization\"},\"potentialAction\":[{\"@type\":\"SearchAction\",\"target\":{\"@type\":\"EntryPoint\",\"urlTemplate\":\"https:\/\/s-flexkeder.de\/?s={search_term_string}\"},\"query-input\":\"required name=search_term_string\"}],\"inLanguage\":\"en-US\"},{\"@type\":\"Organization\",\"@id\":\"https:\/\/s-flexkeder.de\/#organization\",\"name\":\"Flachkeder SFLEX Onlineshop\",\"url\":\"https:\/\/s-flexkeder.de\/\",\"logo\":{\"@type\":\"ImageObject\",\"inLanguage\":\"en-US\",\"@id\":\"https:\/\/s-flexkeder.de\/#\/schema\/logo\/image\/\",\"url\":\"https:\/\/i0.wp.com\/s-flexkeder.de\/wp-content\/uploads\/2023\/05\/Logo.png?fit=747%2C287&ssl=1\",\"contentUrl\":\"https:\/\/i0.wp.com\/s-flexkeder.de\/wp-content\/uploads\/2023\/05\/Logo.png?fit=747%2C287&ssl=1\",\"width\":747,\"height\":287,\"caption\":\"Flachkeder SFLEX Onlineshop\"},\"image\":{\"@id\":\"https:\/\/s-flexkeder.de\/#\/schema\/logo\/image\/\"}}]}<\/script>\n<!-- \/ Yoast SEO plugin. -->","yoast_head_json":{"title":"AGB - Flachkeder SFLEX Onlineshop","robots":{"index":"index","follow":"follow","max-snippet":"max-snippet:-1","max-image-preview":"max-image-preview:large","max-video-preview":"max-video-preview:-1"},"canonical":"https:\/\/s-flexkeder.de\/en_en\/agb\/","og_locale":"en_US","og_type":"article","og_title":"AGB - Flachkeder SFLEX Onlineshop","og_description":"Allgemeine Gesch\u00e4ftsbedingungen (AGB) &nbsp; I. Angebot und Vertragsabschluss &nbsp; Unsere Angebote sind unverbindlich, und Preislisten dienen lediglich zur Orientierung. Verbindlich werden Vereinbarungen erst durch unsere schriftliche Zustimmung. Dies gilt auch f\u00fcr Nebenabreden, \u00c4nderungen der Zahlungskonditionen, Provisionszusagen und alle anderen Willenserkl\u00e4rungen, aus denen Rechte Dritter gegen den Lieferer abgeleitet werden k\u00f6nnen. &nbsp; Abweichende Einkaufsbedingungen des Auftraggebers [&hellip;]","og_url":"https:\/\/s-flexkeder.de\/en_en\/agb\/","og_site_name":"Flachkeder SFLEX Onlineshop","article_modified_time":"2023-09-05T07:39:48+00:00","twitter_card":"summary_large_image","twitter_misc":{"Est. reading time":"5 minutes"},"schema":{"@context":"https:\/\/schema.org","@graph":[{"@type":"WebPage","@id":"https:\/\/s-flexkeder.de\/agb\/","url":"https:\/\/s-flexkeder.de\/agb\/","name":"AGB - Flachkeder SFLEX Onlineshop","isPartOf":{"@id":"https:\/\/s-flexkeder.de\/#website"},"datePublished":"2023-06-09T11:36:44+00:00","dateModified":"2023-09-05T07:39:48+00:00","breadcrumb":{"@id":"https:\/\/s-flexkeder.de\/agb\/#breadcrumb"},"inLanguage":"en-US","potentialAction":[{"@type":"ReadAction","target":["https:\/\/s-flexkeder.de\/agb\/"]}]},{"@type":"BreadcrumbList","@id":"https:\/\/s-flexkeder.de\/agb\/#breadcrumb","itemListElement":[{"@type":"ListItem","position":1,"name":"Startseite","item":"https:\/\/s-flexkeder.de\/"},{"@type":"ListItem","position":2,"name":"AGB"}]},{"@type":"WebSite","@id":"https:\/\/s-flexkeder.de\/#website","url":"https:\/\/s-flexkeder.de\/","name":"Flachkeder SFLEX Onlineshop","description":"Die neue umweltfreundliche Keder-Generation","publisher":{"@id":"https:\/\/s-flexkeder.de\/#organization"},"potentialAction":[{"@type":"SearchAction","target":{"@type":"EntryPoint","urlTemplate":"https:\/\/s-flexkeder.de\/?s={search_term_string}"},"query-input":"required name=search_term_string"}],"inLanguage":"en-US"},{"@type":"Organization","@id":"https:\/\/s-flexkeder.de\/#organization","name":"Flachkeder SFLEX Onlineshop","url":"https:\/\/s-flexkeder.de\/","logo":{"@type":"ImageObject","inLanguage":"en-US","@id":"https:\/\/s-flexkeder.de\/#\/schema\/logo\/image\/","url":"https:\/\/i0.wp.com\/s-flexkeder.de\/wp-content\/uploads\/2023\/05\/Logo.png?fit=747%2C287&ssl=1","contentUrl":"https:\/\/i0.wp.com\/s-flexkeder.de\/wp-content\/uploads\/2023\/05\/Logo.png?fit=747%2C287&ssl=1","width":747,"height":287,"caption":"Flachkeder SFLEX Onlineshop"},"image":{"@id":"https:\/\/s-flexkeder.de\/#\/schema\/logo\/image\/"}}]}},"_links":{"self":[{"href":"https:\/\/s-flexkeder.de\/en_en\/wp-json\/wp\/v2\/pages\/135","targetHints":{"allow":["GET"]}}],"collection":[{"href":"https:\/\/s-flexkeder.de\/en_en\/wp-json\/wp\/v2\/pages"}],"about":[{"href":"https:\/\/s-flexkeder.de\/en_en\/wp-json\/wp\/v2\/types\/page"}],"author":[{"embeddable":true,"href":"https:\/\/s-flexkeder.de\/en_en\/wp-json\/wp\/v2\/users\/3"}],"replies":[{"embeddable":true,"href":"https:\/\/s-flexkeder.de\/en_en\/wp-json\/wp\/v2\/comments?post=135"}],"version-history":[{"count":2,"href":"https:\/\/s-flexkeder.de\/en_en\/wp-json\/wp\/v2\/pages\/135\/revisions"}],"predecessor-version":[{"id":260,"href":"https:\/\/s-flexkeder.de\/en_en\/wp-json\/wp\/v2\/pages\/135\/revisions\/260"}],"wp:attachment":[{"href":"https:\/\/s-flexkeder.de\/en_en\/wp-json\/wp\/v2\/media?parent=135"}],"curies":[{"name":"wp","href":"https:\/\/api.w.org\/{rel}","templated":true}]}}