{"id":133,"date":"2023-06-09T13:36:43","date_gmt":"2023-06-09T11:36:43","guid":{"rendered":"https:\/\/s-flexkeder.de\/impressum\/"},"modified":"2023-09-05T17:28:32","modified_gmt":"2023-09-05T15:28:32","slug":"impressum","status":"publish","type":"page","link":"https:\/\/s-flexkeder.de\/en_en\/impressum\/","title":{"rendered":"Impressum"},"content":{"rendered":"<p>[et_pb_section fb_built=&#8220;1&#8243; _builder_version=&#8220;4.16&#8243; global_colors_info=&#8220;{}&#8220;][et_pb_row _builder_version=&#8220;4.16&#8243; background_size=&#8220;initial&#8220; background_position=&#8220;top_left&#8220; background_repeat=&#8220;repeat&#8220; global_colors_info=&#8220;{}&#8220;][et_pb_column type=&#8220;4_4&#8243; _builder_version=&#8220;4.16&#8243; custom_padding=&#8220;|||&#8220; global_colors_info=&#8220;{}&#8220; custom_padding__hover=&#8220;|||&#8220;][et_pb_text _builder_version=&#8220;4.22.0&#8243; background_size=&#8220;initial&#8220; background_position=&#8220;top_left&#8220; background_repeat=&#8220;repeat&#8220; hover_enabled=&#8220;0&#8243; global_colors_info=&#8220;{}&#8220; sticky_enabled=&#8220;0&#8243;]<\/p>\n<h1>Impressum<\/h1>\n<p><strong>Herausgeber<br \/><\/strong>GFM Gesellschaft f\u00fcr Marktlogistik<br \/><span>Postfach 1364,<\/span><br \/><span>75403 M\u00fchlacker<\/span><br \/>E-Mail: <a href=\"mailto:info@s-felxkeder.de\">info@s-felxkeder.de<\/a><br \/>Telefon: (+49) 7041-9595 14<strong><br \/><\/strong><\/p>\n<p>Vertreten durch den Gesch\u00e4ftsf\u00fchrer: R.G. Jaeger<\/p>\n<p>Handelsregister-Eintrag: Amtsgericht Mannheim, HRB 232M<\/p>\n<p>Umsatzsteuer-Identifikationsnummer: DE 144 522 187<\/p>\n<h2 style=\"margin-top: 40px;\">Haftungsausschluss<\/h2>\n<ol class=\"auflistung-text\">\n<li><strong>Inhalt des Onlineangebotes<br \/><\/strong>Die GFM Gesellschaft f\u00fcr Marktlogistik (nachfolgend &#8222;Herausgeber&#8220; genannt) \u00fcbernimmt keine Gew\u00e4hr f\u00fcr die Aktualit\u00e4t, Korrektheit, Vollst\u00e4ndigkeit oder Qualit\u00e4t der auf dieser Website bereitgestellten Informationen. Haftungsanspr\u00fcche gegen den Herausgeber, die sich auf Sch\u00e4den materieller oder ideeller Art beziehen, die durch die Nutzung oder Nichtnutzung der dargebotenen Informationen bzw. durch die Nutzung fehlerhafter und unvollst\u00e4ndiger Informationen verursacht wurden, sind grunds\u00e4tzlich ausgeschlossen, sofern seitens des Herausgebers kein nachweislich vors\u00e4tzliches oder grob fahrl\u00e4ssiges Verschulden vorliegt. Alle Angebote sind freibleibend und unverbindlich. Der Herausgeber beh\u00e4lt es sich ausdr\u00fccklich vor, Teile der Website oder das gesamte Angebot ohne gesonderte Ank\u00fcndigung zu ver\u00e4ndern, zu erg\u00e4nzen, zu l\u00f6schen oder die Ver\u00f6ffentlichung zeitweise oder endg\u00fcltig einzustellen.<\/li>\n<li><strong>Verweise und Links<br \/><\/strong>Bei direkten oder indirekten Verweisen auf fremde Internetseiten (&#8222;Links&#8220;), die au\u00dferhalb des Verantwortungsbereiches des Herausgebers liegen, w\u00fcrde eine Haftungsverpflichtung ausschlie\u00dflich in dem Fall in Kraft treten, in dem der Herausgeber von den Inhalten Kenntnis hat und es ihm technisch m\u00f6glich und zumutbar w\u00e4re, die Nutzung im Falle rechtswidriger Inhalte zu verhindern. Der Herausgeber erkl\u00e4rt daher ausdr\u00fccklich, dass zum Zeitpunkt der Linksetzung die entsprechenden verlinkten Seiten frei von illegalen Inhalten waren. Der Herausgeber hat keinerlei Einfluss auf die aktuelle und zuk\u00fcnftige Gestaltung und auf die Inhalte der gelinkten\/verkn\u00fcpften Seiten. Deshalb distanziert er sich hiermit ausdr\u00fccklich von allen Inhalten aller gelinkten\/verkn\u00fcpften Seiten, die nach der Linksetzung ver\u00e4ndert wurden. Diese Feststellung gilt f\u00fcr alle innerhalb des eigenen Internetangebotes gesetzten Links und Verweise sowie f\u00fcr Fremdeintr\u00e4ge in vom Herausgeber eingerichteten G\u00e4steb\u00fcchern, Diskussionsforen und Mailinglisten. F\u00fcr illegale, fehlerhafte oder unvollst\u00e4ndige Inhalte und insbesondere f\u00fcr Sch\u00e4den, die aus der Nutzung oder Nichtnutzung solcherart dargebotener Informationen entstehen, haftet allein der Anbieter der Seite, auf welche verwiesen wurde, nicht derjenige, der \u00fcber Links auf die jeweilige Ver\u00f6ffentlichung lediglich verweist.<strong><br \/><\/strong><\/li>\n<li><strong>Urheber- und Kennzeichenrecht<br \/><\/strong>Der Herausgeber ist bestrebt, in allen Publikationen die Urheberrechte der verwendeten Grafiken, Tondokumente, Videosequenzen und Texte zu beachten, von ihm selbst erstellte Grafiken, Tondokumente, Videosequenzen und Texte zu nutzen oder auf lizenzfreie Grafiken, Tondokumente, Videosequenzen und Texte zur\u00fcckzugreifen. Alle innerhalb des Internetangebotes genannten und ggf. durch Dritte gesch\u00fctzten Marken- und Warenzeichen unterliegen uneingeschr\u00e4nkt den Bestimmungen des jeweils g\u00fcltigen Kennzeichenrechts und den Besitzrechten der jeweiligen eingetragenen Eigent\u00fcmer. Allein aufgrund der blo\u00dfen Nennung ist nicht der Schluss zu ziehen, dass Markenzeichen nicht durch Rechte Dritter gesch\u00fctzt sind! Das Copyright f\u00fcr ver\u00f6ffentlichte, vom Herausgeber selbst erstellte Objekte bleibt allein beim Herausgeber der Seiten. Eine Vervielf\u00e4ltigung oder Verwendung solcher Grafiken, Tondokumente, Videosequenzen und Texte in anderen elektronischen oder gedruckten Publikationen ist ohne ausdr\u00fcckliche Zustimmung des Herausgebers nicht gestattet.<strong><br \/><\/strong><\/li>\n<li><strong>Datenschutz<br \/><\/strong>Personenbezogene Daten, wie Name, Adresse, Telefonnummer oder E-Mail-Adresse, die bei den Web-Aktivit\u00e4ten erhoben und verwaltet werden, geschehen in \u00dcbereinstimmung mit den nationalen Gesetzen zum Datenschutz und zur Datensicherheit. Nutzer bestimmen dar\u00fcber, ob sie personenbezogene Daten bekannt geben m\u00f6chten, z. B. im Rahmen einer Anfrage. Im Allgemeinen werden Daten nur per E-Mail an die vorgesehene E-Mail-Adresse gesendet und nicht gespeichert. Personenbezogene Daten werden nur zur Beantwortung von Anfragen, zur Bearbeitung von Auftr\u00e4gen oder zur Bereitstellung spezieller Informationen oder Angebote verwendet. Zur Pflege der Kundenbeziehungen kann es n\u00f6tig sein, dass der Herausgeber oder ein Dritter in seinem Auftrag diese Daten verwenden, um \u00fcber Angebote zu informieren. Die \u00c4nderung, L\u00f6schung oder Sperrung von gespeicherten Daten kann jederzeit per E-Mail beantragt werden. Nutzerprofile mit oder ohne Personenbezug werden nicht erstellt. Personenbezogene Daten werden weder verkauft noch anderweitig vermarktet. Beim Zugriff auf die Website werden zum Zwecke der Web-Statistik automatisch Informationen gesammelt, die keiner bestimmten Person zugeordnet sind (z. B. IP-Adresse, Internet-Browser und Betriebssystem, Domain-Name der Website, von der Sie kamen, Anzahl der Besuche, durchschnittliche Verweilzeit, aufgerufene Seiten). Eine Auswertung der Daten erfolgt nur in anonymisierter Form. Es werden keine Cookies oder aktiven Inhalte verwendet. Diese Informationen dienen der Ermittlung der Attraktivit\u00e4t der Website und der Verbesserung ihres Inhalts. Ma\u00dfnahmen werden ergriffen, um die Sicherheit der personenbezogenen Daten zu gew\u00e4hrleisten. Daten werden vor Verlust, Zerst\u00f6rung, Verf\u00e4lschung, Manipulation und unberechtigtem Zugriff oder unberechtigter Offenlegung gesch\u00fctzt. Die Website enth\u00e4lt Links zu anderen Websites. Der Herausgeber ist nicht f\u00fcr die Datenschutzstrategien oder den Inhalt dieser anderen Websites verantwortlich.<strong><br \/><\/strong><\/li>\n<li><strong>Rechtswirksamkeit dieses Haftungsausschlusses<br \/><\/strong>Dieser Haftungsausschluss ist als Teil des Internetangebotes zu betrachten, von dem aus auf diese Seite verwiesen wurde. Sofern Teile oder einzelne Formulierungen dieses Textes der geltenden Rechtslage nicht, nicht mehr oder nicht vollst\u00e4ndig entsprechen sollten, bleiben die \u00fcbrigen Teile des Dokumentes in ihrem Inhalt und ihrer G\u00fcltigkeit davon unber\u00fchrt.<strong><br \/><\/strong><\/li>\n<\/ol>\n<p>[\/et_pb_text][\/et_pb_column][\/et_pb_row][\/et_pb_section]<\/p>","protected":false},"excerpt":{"rendered":"<p>Impressum HerausgeberGFM Gesellschaft f\u00fcr MarktlogistikPostfach 1364,75403 M\u00fchlackerE-Mail: info@s-felxkeder.deTelefon: (+49) 7041-9595 14 Vertreten durch den Gesch\u00e4ftsf\u00fchrer: R.G. Jaeger Handelsregister-Eintrag: Amtsgericht Mannheim, HRB 232M Umsatzsteuer-Identifikationsnummer: DE 144 522 187 Haftungsausschluss Inhalt des OnlineangebotesDie GFM Gesellschaft f\u00fcr Marktlogistik (nachfolgend &#8222;Herausgeber&#8220; genannt) \u00fcbernimmt keine Gew\u00e4hr f\u00fcr die Aktualit\u00e4t, Korrektheit, Vollst\u00e4ndigkeit oder Qualit\u00e4t der auf dieser Website bereitgestellten Informationen. Haftungsanspr\u00fcche [&hellip;]<\/p>","protected":false},"author":3,"featured_media":0,"parent":0,"menu_order":0,"comment_status":"closed","ping_status":"closed","template":"","meta":{"_et_pb_use_builder":"on","_et_pb_old_content":"[gzd_complaints]","_et_gb_content_width":"","footnotes":""},"class_list":["post-133","page","type-page","status-publish","hentry"],"yoast_head":"<!-- This site is optimized with the Yoast SEO plugin v21.1 - https:\/\/yoast.com\/wordpress\/plugins\/seo\/ -->\n<title>Impressum - Flachkeder SFLEX Onlineshop<\/title>\n<meta name=\"robots\" content=\"index, follow, max-snippet:-1, max-image-preview:large, max-video-preview:-1\" \/>\n<link rel=\"canonical\" href=\"https:\/\/s-flexkeder.de\/en_en\/impressum\/\" \/>\n<meta property=\"og:locale\" content=\"en_US\" \/>\n<meta property=\"og:type\" content=\"article\" \/>\n<meta property=\"og:title\" content=\"Impressum - Flachkeder SFLEX Onlineshop\" \/>\n<meta property=\"og:description\" content=\"Impressum HerausgeberGFM Gesellschaft f\u00fcr MarktlogistikPostfach 1364,75403 M\u00fchlackerE-Mail: info@s-felxkeder.deTelefon: (+49) 7041-9595 14 Vertreten durch den Gesch\u00e4ftsf\u00fchrer: R.G. Jaeger Handelsregister-Eintrag: Amtsgericht Mannheim, HRB 232M Umsatzsteuer-Identifikationsnummer: DE 144 522 187 Haftungsausschluss Inhalt des OnlineangebotesDie GFM Gesellschaft f\u00fcr Marktlogistik (nachfolgend &quot;Herausgeber&quot; genannt) \u00fcbernimmt keine Gew\u00e4hr f\u00fcr die Aktualit\u00e4t, Korrektheit, Vollst\u00e4ndigkeit oder Qualit\u00e4t der auf dieser Website bereitgestellten Informationen. Haftungsanspr\u00fcche [&hellip;]\" \/>\n<meta property=\"og:url\" content=\"https:\/\/s-flexkeder.de\/en_en\/impressum\/\" \/>\n<meta property=\"og:site_name\" content=\"Flachkeder SFLEX Onlineshop\" \/>\n<meta property=\"article:modified_time\" content=\"2023-09-05T15:28:32+00:00\" \/>\n<meta name=\"twitter:card\" content=\"summary_large_image\" \/>\n<meta name=\"twitter:label1\" content=\"Est. reading time\" \/>\n\t<meta name=\"twitter:data1\" content=\"4 minutes\" \/>\n<script type=\"application\/ld+json\" class=\"yoast-schema-graph\">{\"@context\":\"https:\/\/schema.org\",\"@graph\":[{\"@type\":\"WebPage\",\"@id\":\"https:\/\/s-flexkeder.de\/impressum\/\",\"url\":\"https:\/\/s-flexkeder.de\/impressum\/\",\"name\":\"Impressum - Flachkeder SFLEX Onlineshop\",\"isPartOf\":{\"@id\":\"https:\/\/s-flexkeder.de\/#website\"},\"datePublished\":\"2023-06-09T11:36:43+00:00\",\"dateModified\":\"2023-09-05T15:28:32+00:00\",\"breadcrumb\":{\"@id\":\"https:\/\/s-flexkeder.de\/impressum\/#breadcrumb\"},\"inLanguage\":\"en-US\",\"potentialAction\":[{\"@type\":\"ReadAction\",\"target\":[\"https:\/\/s-flexkeder.de\/impressum\/\"]}]},{\"@type\":\"BreadcrumbList\",\"@id\":\"https:\/\/s-flexkeder.de\/impressum\/#breadcrumb\",\"itemListElement\":[{\"@type\":\"ListItem\",\"position\":1,\"name\":\"Startseite\",\"item\":\"https:\/\/s-flexkeder.de\/\"},{\"@type\":\"ListItem\",\"position\":2,\"name\":\"Impressum\"}]},{\"@type\":\"WebSite\",\"@id\":\"https:\/\/s-flexkeder.de\/#website\",\"url\":\"https:\/\/s-flexkeder.de\/\",\"name\":\"Flachkeder SFLEX Onlineshop\",\"description\":\"Die neue umweltfreundliche Keder-Generation\",\"publisher\":{\"@id\":\"https:\/\/s-flexkeder.de\/#organization\"},\"potentialAction\":[{\"@type\":\"SearchAction\",\"target\":{\"@type\":\"EntryPoint\",\"urlTemplate\":\"https:\/\/s-flexkeder.de\/?s={search_term_string}\"},\"query-input\":\"required name=search_term_string\"}],\"inLanguage\":\"en-US\"},{\"@type\":\"Organization\",\"@id\":\"https:\/\/s-flexkeder.de\/#organization\",\"name\":\"Flachkeder SFLEX Onlineshop\",\"url\":\"https:\/\/s-flexkeder.de\/\",\"logo\":{\"@type\":\"ImageObject\",\"inLanguage\":\"en-US\",\"@id\":\"https:\/\/s-flexkeder.de\/#\/schema\/logo\/image\/\",\"url\":\"https:\/\/i0.wp.com\/s-flexkeder.de\/wp-content\/uploads\/2023\/05\/Logo.png?fit=747%2C287&ssl=1\",\"contentUrl\":\"https:\/\/i0.wp.com\/s-flexkeder.de\/wp-content\/uploads\/2023\/05\/Logo.png?fit=747%2C287&ssl=1\",\"width\":747,\"height\":287,\"caption\":\"Flachkeder SFLEX Onlineshop\"},\"image\":{\"@id\":\"https:\/\/s-flexkeder.de\/#\/schema\/logo\/image\/\"}}]}<\/script>\n<!-- \/ Yoast SEO plugin. -->","yoast_head_json":{"title":"Impressum - Flachkeder SFLEX Onlineshop","robots":{"index":"index","follow":"follow","max-snippet":"max-snippet:-1","max-image-preview":"max-image-preview:large","max-video-preview":"max-video-preview:-1"},"canonical":"https:\/\/s-flexkeder.de\/en_en\/impressum\/","og_locale":"en_US","og_type":"article","og_title":"Impressum - Flachkeder SFLEX Onlineshop","og_description":"Impressum HerausgeberGFM Gesellschaft f\u00fcr MarktlogistikPostfach 1364,75403 M\u00fchlackerE-Mail: info@s-felxkeder.deTelefon: (+49) 7041-9595 14 Vertreten durch den Gesch\u00e4ftsf\u00fchrer: R.G. Jaeger Handelsregister-Eintrag: Amtsgericht Mannheim, HRB 232M Umsatzsteuer-Identifikationsnummer: DE 144 522 187 Haftungsausschluss Inhalt des OnlineangebotesDie GFM Gesellschaft f\u00fcr Marktlogistik (nachfolgend \"Herausgeber\" genannt) \u00fcbernimmt keine Gew\u00e4hr f\u00fcr die Aktualit\u00e4t, Korrektheit, Vollst\u00e4ndigkeit oder Qualit\u00e4t der auf dieser Website bereitgestellten Informationen. Haftungsanspr\u00fcche [&hellip;]","og_url":"https:\/\/s-flexkeder.de\/en_en\/impressum\/","og_site_name":"Flachkeder SFLEX Onlineshop","article_modified_time":"2023-09-05T15:28:32+00:00","twitter_card":"summary_large_image","twitter_misc":{"Est. reading time":"4 minutes"},"schema":{"@context":"https:\/\/schema.org","@graph":[{"@type":"WebPage","@id":"https:\/\/s-flexkeder.de\/impressum\/","url":"https:\/\/s-flexkeder.de\/impressum\/","name":"Impressum - Flachkeder SFLEX Onlineshop","isPartOf":{"@id":"https:\/\/s-flexkeder.de\/#website"},"datePublished":"2023-06-09T11:36:43+00:00","dateModified":"2023-09-05T15:28:32+00:00","breadcrumb":{"@id":"https:\/\/s-flexkeder.de\/impressum\/#breadcrumb"},"inLanguage":"en-US","potentialAction":[{"@type":"ReadAction","target":["https:\/\/s-flexkeder.de\/impressum\/"]}]},{"@type":"BreadcrumbList","@id":"https:\/\/s-flexkeder.de\/impressum\/#breadcrumb","itemListElement":[{"@type":"ListItem","position":1,"name":"Startseite","item":"https:\/\/s-flexkeder.de\/"},{"@type":"ListItem","position":2,"name":"Impressum"}]},{"@type":"WebSite","@id":"https:\/\/s-flexkeder.de\/#website","url":"https:\/\/s-flexkeder.de\/","name":"Flachkeder SFLEX Onlineshop","description":"Die neue umweltfreundliche Keder-Generation","publisher":{"@id":"https:\/\/s-flexkeder.de\/#organization"},"potentialAction":[{"@type":"SearchAction","target":{"@type":"EntryPoint","urlTemplate":"https:\/\/s-flexkeder.de\/?s={search_term_string}"},"query-input":"required name=search_term_string"}],"inLanguage":"en-US"},{"@type":"Organization","@id":"https:\/\/s-flexkeder.de\/#organization","name":"Flachkeder SFLEX Onlineshop","url":"https:\/\/s-flexkeder.de\/","logo":{"@type":"ImageObject","inLanguage":"en-US","@id":"https:\/\/s-flexkeder.de\/#\/schema\/logo\/image\/","url":"https:\/\/i0.wp.com\/s-flexkeder.de\/wp-content\/uploads\/2023\/05\/Logo.png?fit=747%2C287&ssl=1","contentUrl":"https:\/\/i0.wp.com\/s-flexkeder.de\/wp-content\/uploads\/2023\/05\/Logo.png?fit=747%2C287&ssl=1","width":747,"height":287,"caption":"Flachkeder SFLEX Onlineshop"},"image":{"@id":"https:\/\/s-flexkeder.de\/#\/schema\/logo\/image\/"}}]}},"_links":{"self":[{"href":"https:\/\/s-flexkeder.de\/en_en\/wp-json\/wp\/v2\/pages\/133","targetHints":{"allow":["GET"]}}],"collection":[{"href":"https:\/\/s-flexkeder.de\/en_en\/wp-json\/wp\/v2\/pages"}],"about":[{"href":"https:\/\/s-flexkeder.de\/en_en\/wp-json\/wp\/v2\/types\/page"}],"author":[{"embeddable":true,"href":"https:\/\/s-flexkeder.de\/en_en\/wp-json\/wp\/v2\/users\/3"}],"replies":[{"embeddable":true,"href":"https:\/\/s-flexkeder.de\/en_en\/wp-json\/wp\/v2\/comments?post=133"}],"version-history":[{"count":9,"href":"https:\/\/s-flexkeder.de\/en_en\/wp-json\/wp\/v2\/pages\/133\/revisions"}],"predecessor-version":[{"id":333,"href":"https:\/\/s-flexkeder.de\/en_en\/wp-json\/wp\/v2\/pages\/133\/revisions\/333"}],"wp:attachment":[{"href":"https:\/\/s-flexkeder.de\/en_en\/wp-json\/wp\/v2\/media?parent=133"}],"curies":[{"name":"wp","href":"https:\/\/api.w.org\/{rel}","templated":true}]}}